{"id":188,"date":"2024-06-08T02:04:09","date_gmt":"2024-06-08T02:04:09","guid":{"rendered":"http:\/\/13.82.168.138\/?page_id=188"},"modified":"2024-08-04T16:43:14","modified_gmt":"2024-08-04T16:43:14","slug":"contact-fr","status":"publish","type":"page","link":"https:\/\/zhili.ca\/index.php\/contact-fr\/","title":{"rendered":"Contact-Fr"},"content":{"rendered":"\t\t<div data-elementor-type=\"wp-page\" data-elementor-id=\"188\" class=\"elementor elementor-188\">\n\t\t\t\t<div class=\"elementor-element elementor-element-882eae8 e-flex e-con-boxed e-con e-parent\" data-id=\"882eae8\" data-element_type=\"container\">\n\t\t\t\t\t<div class=\"e-con-inner\">\n\t\t<div class=\"elementor-element elementor-element-1a7d7f9 e-con-full e-flex e-con e-child\" data-id=\"1a7d7f9\" data-element_type=\"container\">\n\t\t\t\t<div class=\"elementor-element elementor-element-7a5b57d elementor-widget elementor-widget-text-editor\" data-id=\"7a5b57d\" data-element_type=\"widget\" data-widget_type=\"text-editor.default\">\n\t\t\t\t<div class=\"elementor-widget-container\">\n\t\t\t<style>\/*! elementor - v3.23.0 - 05-08-2024 *\/\n.elementor-widget-text-editor.elementor-drop-cap-view-stacked .elementor-drop-cap{background-color:#69727d;color:#fff}.elementor-widget-text-editor.elementor-drop-cap-view-framed .elementor-drop-cap{color:#69727d;border:3px solid;background-color:transparent}.elementor-widget-text-editor:not(.elementor-drop-cap-view-default) .elementor-drop-cap{margin-top:8px}.elementor-widget-text-editor:not(.elementor-drop-cap-view-default) .elementor-drop-cap-letter{width:1em;height:1em}.elementor-widget-text-editor .elementor-drop-cap{float:left;text-align:center;line-height:1;font-size:50px}.elementor-widget-text-editor .elementor-drop-cap-letter{display:inline-block}<\/style>\t\t\t\t<p>Nous nous engageons \u00e0 vous proposer les meilleures solutions d\u2019assurance. Si vous avez des questions ou avez besoin d&#8217;en savoir plus sur nos produits, n&#8217;h\u00e9sitez pas \u00e0 nous contacter. Nous sommes impatients de vous aider et de prot\u00e9ger votre avenir.<\/p>\t\t\t\t\t\t<\/div>\n\t\t\t\t<\/div>\n\t\t\t\t<\/div>\n\t\t<div class=\"elementor-element elementor-element-fb83b53 e-con-full e-flex e-con e-child\" data-id=\"fb83b53\" data-element_type=\"container\">\n\t\t\t\t<div class=\"elementor-element elementor-element-3d4e7b7 elementor-widget elementor-widget-image\" data-id=\"3d4e7b7\" data-element_type=\"widget\" data-widget_type=\"image.default\">\n\t\t\t\t<div class=\"elementor-widget-container\">\n\t\t\t<style>\/*! elementor - v3.23.0 - 05-08-2024 *\/\n.elementor-widget-image{text-align:center}.elementor-widget-image a{display:inline-block}.elementor-widget-image a img[src$=\".svg\"]{width:48px}.elementor-widget-image img{vertical-align:middle;display:inline-block}<\/style>\t\t\t\t\t\t\t\t\t\t<img fetchpriority=\"high\" decoding=\"async\" width=\"1024\" height=\"1024\" src=\"https:\/\/zhili.ca\/wp-content\/uploads\/2024\/06\/3-SQ-1024x1024.jpg\" class=\"attachment-large size-large wp-image-781\" alt=\"\" srcset=\"https:\/\/zhili.ca\/wp-content\/uploads\/2024\/06\/3-SQ-1024x1024.jpg 1024w, https:\/\/zhili.ca\/wp-content\/uploads\/2024\/06\/3-SQ-300x300.jpg 300w, https:\/\/zhili.ca\/wp-content\/uploads\/2024\/06\/3-SQ-150x150.jpg 150w, https:\/\/zhili.ca\/wp-content\/uploads\/2024\/06\/3-SQ-768x768.jpg 768w, https:\/\/zhili.ca\/wp-content\/uploads\/2024\/06\/3-SQ.jpg 1200w\" sizes=\"(max-width: 1024px) 100vw, 1024px\" \/>\t\t\t\t\t\t\t\t\t\t\t\t\t<\/div>\n\t\t\t\t<\/div>\n\t\t\t\t<\/div>\n\t\t\t\t\t<\/div>\n\t\t\t\t<\/div>\n\t\t<div class=\"elementor-element elementor-element-2e968a2 e-flex e-con-boxed e-con e-parent\" data-id=\"2e968a2\" data-element_type=\"container\">\n\t\t\t\t\t<div class=\"e-con-inner\">\n\t\t<div class=\"elementor-element elementor-element-b75e573 e-con-full e-flex e-con e-child\" data-id=\"b75e573\" data-element_type=\"container\">\n\t\t\t\t<div class=\"elementor-element elementor-element-629d49f elementor-widget elementor-widget-wpforms\" data-id=\"629d49f\" data-element_type=\"widget\" data-widget_type=\"wpforms.default\">\n\t\t\t\t<div class=\"elementor-widget-container\">\n\t\t\t<style id=\"wpforms-css-vars-root\">\n\t\t\t\t:root {\n\t\t\t\t\t--wpforms-field-border-radius: 3px;\n--wpforms-field-border-style: solid;\n--wpforms-field-border-size: 1px;\n--wpforms-field-background-color: #ffffff;\n--wpforms-field-border-color: rgba( 0, 0, 0, 0.25 );\n--wpforms-field-border-color-spare: rgba( 0, 0, 0, 0.25 );\n--wpforms-field-text-color: rgba( 0, 0, 0, 0.7 );\n--wpforms-field-menu-color: #ffffff;\n--wpforms-label-color: rgba( 0, 0, 0, 0.85 );\n--wpforms-label-sublabel-color: rgba( 0, 0, 0, 0.55 );\n--wpforms-label-error-color: #d63637;\n--wpforms-button-border-radius: 3px;\n--wpforms-button-border-style: none;\n--wpforms-button-border-size: 1px;\n--wpforms-button-background-color: #066aab;\n--wpforms-button-border-color: #066aab;\n--wpforms-button-text-color: #ffffff;\n--wpforms-page-break-color: #066aab;\n--wpforms-background-image: none;\n--wpforms-background-position: center center;\n--wpforms-background-repeat: no-repeat;\n--wpforms-background-size: cover;\n--wpforms-background-width: 100px;\n--wpforms-background-height: 100px;\n--wpforms-background-color: rgba( 0, 0, 0, 0 );\n--wpforms-background-url: none;\n--wpforms-container-padding: 0px;\n--wpforms-container-border-style: none;\n--wpforms-container-border-width: 1px;\n--wpforms-container-border-color: #000000;\n--wpforms-container-border-radius: 3px;\n--wpforms-field-size-input-height: 43px;\n--wpforms-field-size-input-spacing: 15px;\n--wpforms-field-size-font-size: 16px;\n--wpforms-field-size-line-height: 19px;\n--wpforms-field-size-padding-h: 14px;\n--wpforms-field-size-checkbox-size: 16px;\n--wpforms-field-size-sublabel-spacing: 5px;\n--wpforms-field-size-icon-size: 1;\n--wpforms-label-size-font-size: 16px;\n--wpforms-label-size-line-height: 19px;\n--wpforms-label-size-sublabel-font-size: 14px;\n--wpforms-label-size-sublabel-line-height: 17px;\n--wpforms-button-size-font-size: 17px;\n--wpforms-button-size-height: 41px;\n--wpforms-button-size-padding-h: 15px;\n--wpforms-button-size-margin-top: 10px;\n--wpforms-container-shadow-size-box-shadow: none;\n\n\t\t\t\t}\n\t\t\t<\/style><style id=\"wpforms-css-vars-elementor-widget-629d49f\">\n\t\t\t\t.elementor-widget-wpforms.elementor-element-629d49f {\n\t\t\t\t\t--wpforms-field-size-input-height: 43px;\n--wpforms-field-size-input-spacing: 15px;\n--wpforms-field-size-font-size: 16px;\n--wpforms-field-size-line-height: 19px;\n--wpforms-field-size-padding-h: 14px;\n--wpforms-field-size-checkbox-size: 16px;\n--wpforms-field-size-sublabel-spacing: 5px;\n--wpforms-field-size-icon-size: 1;\n--wpforms-label-size-font-size: 16px;\n--wpforms-label-size-line-height: 19px;\n--wpforms-label-size-sublabel-font-size: 14px;\n--wpforms-label-size-sublabel-line-height: 17px;\n--wpforms-button-size-font-size: 17px;\n--wpforms-button-size-height: 41px;\n--wpforms-button-size-padding-h: 15px;\n--wpforms-button-size-margin-top: 10px;\n\n\t\t\t\t}\n\t\t\t<\/style><div class=\"wpforms-container wpforms-container-full wpforms-render-modern\" id=\"wpforms-767\"><form id=\"wpforms-form-767\" class=\"wpforms-validate wpforms-form wpforms-ajax-form\" data-formid=\"767\" method=\"post\" enctype=\"multipart\/form-data\" action=\"\/index.php\/wp-json\/wp\/v2\/pages\/188\" data-token=\"614121cb8f7d8dd7a6761e319fd96daa\" data-token-time=\"1777625818\"><noscript class=\"wpforms-error-noscript\">Please enable JavaScript in your browser to complete this form.<\/noscript><div class=\"wpforms-hidden\" id=\"wpforms-error-noscript\">Please enable JavaScript in your browser to complete this form.<\/div><div class=\"wpforms-field-container\"><div id=\"wpforms-767-field_0-container\" class=\"wpforms-field wpforms-field-name\" data-field-id=\"0\"><label class=\"wpforms-field-label\" for=\"wpforms-767-field_0\">Pr\u00e9nom et nom <span class=\"wpforms-required-label\" aria-hidden=\"true\">*<\/span><\/label><input type=\"text\" id=\"wpforms-767-field_0\" class=\"wpforms-field-medium wpforms-field-required\" name=\"wpforms[fields][0]\" aria-errormessage=\"wpforms-767-field_0-error\" required><\/div><div id=\"wpforms-767-field_1-container\" class=\"wpforms-field wpforms-field-email\" data-field-id=\"1\"><label class=\"wpforms-field-label\" for=\"wpforms-767-field_1\">Courriel <span class=\"wpforms-required-label\" aria-hidden=\"true\">*<\/span><\/label><input type=\"email\" id=\"wpforms-767-field_1\" class=\"wpforms-field-medium wpforms-field-required\" name=\"wpforms[fields][1]\" spellcheck=\"false\" aria-errormessage=\"wpforms-767-field_1-error\" required><\/div><div id=\"wpforms-767-field_3-container\" class=\"wpforms-field wpforms-field-number\" data-field-id=\"3\"><label class=\"wpforms-field-label\" for=\"wpforms-767-field_3\">T\u00e9l\u00e9phone<\/label><input type=\"number\" id=\"wpforms-767-field_3\" class=\"wpforms-field-medium\" name=\"wpforms[fields][3]\" aria-errormessage=\"wpforms-767-field_3-error\" ><\/div><div id=\"wpforms-767-field_2-container\" class=\"wpforms-field wpforms-field-textarea\" data-field-id=\"2\"><label class=\"wpforms-field-label\" for=\"wpforms-767-field_2\">Commentaire ou message<\/label><textarea id=\"wpforms-767-field_2\" class=\"wpforms-field-medium\" name=\"wpforms[fields][2]\" aria-errormessage=\"wpforms-767-field_2-error\" ><\/textarea><\/div><\/div><!-- .wpforms-field-container --><div class=\"wpforms-submit-container\" ><input type=\"hidden\" name=\"wpforms[id]\" value=\"767\"><input type=\"hidden\" name=\"page_title\" value=\"\"><input type=\"hidden\" name=\"page_url\" value=\"https:\/\/zhili.ca\/index.php\/wp-json\/wp\/v2\/pages\/188\"><button type=\"submit\" name=\"wpforms[submit]\" id=\"wpforms-submit-767\" class=\"wpforms-submit\" data-alt-text=\"Envoi en cours...\" data-submit-text=\"Soumettre\" aria-live=\"assertive\" value=\"wpforms-submit\">Soumettre<\/button><img decoding=\"async\" src=\"https:\/\/zhili.ca\/wp-content\/plugins\/wpforms-lite\/assets\/images\/submit-spin.svg\" class=\"wpforms-submit-spinner\" style=\"display: none;\" width=\"26\" height=\"26\" alt=\"Loading\"><\/div><\/form><\/div>  <!-- .wpforms-container -->\t\t<\/div>\n\t\t\t\t<\/div>\n\t\t\t\t<\/div>\n\t\t\t\t\t<\/div>\n\t\t\t\t<\/div>\n\t\t<div class=\"elementor-element elementor-element-3475c20 e-flex e-con-boxed e-con e-parent\" data-id=\"3475c20\" data-element_type=\"container\">\n\t\t\t\t\t<div class=\"e-con-inner\">\n\t\t\t\t<div class=\"elementor-element elementor-element-cfc01a0 elementor-widget elementor-widget-image\" data-id=\"cfc01a0\" data-element_type=\"widget\" data-widget_type=\"image.default\">\n\t\t\t\t<div class=\"elementor-widget-container\">\n\t\t\t\t\t\t\t\t\t\t\t\t\t<img decoding=\"async\" width=\"244\" height=\"300\" src=\"https:\/\/zhili.ca\/wp-content\/uploads\/2024\/08\/WechatZhili-244x300.jpg\" class=\"attachment-medium size-medium wp-image-1161\" alt=\"\" srcset=\"https:\/\/zhili.ca\/wp-content\/uploads\/2024\/08\/WechatZhili-244x300.jpg 244w, https:\/\/zhili.ca\/wp-content\/uploads\/2024\/08\/WechatZhili-834x1024.jpg 834w, https:\/\/zhili.ca\/wp-content\/uploads\/2024\/08\/WechatZhili-768x943.jpg 768w, https:\/\/zhili.ca\/wp-content\/uploads\/2024\/08\/WechatZhili.jpg 1082w\" sizes=\"(max-width: 244px) 100vw, 244px\" \/>\t\t\t\t\t\t\t\t\t\t\t\t\t<\/div>\n\t\t\t\t<\/div>\n\t\t\t\t\t<\/div>\n\t\t\t\t<\/div>\n\t\t\t\t<\/div>\n\t\t","protected":false},"excerpt":{"rendered":"<p>Nous nous engageons \u00e0 vous proposer les meilleures solutions d\u2019assurance. Si vous avez des questions ou avez besoin d&#8217;en savoir plus sur nos produits, n&#8217;h\u00e9sitez pas \u00e0 nous contacter. Nous sommes impatients de vous aider et de prot\u00e9ger votre avenir. Please enable JavaScript in your browser to complete this form.Please enable JavaScript in your browser [&hellip;]<\/p>\n","protected":false},"author":1,"featured_media":0,"parent":0,"menu_order":0,"comment_status":"closed","ping_status":"closed","template":"elementor_canvas","meta":{"footnotes":""},"class_list":["post-188","page","type-page","status-publish","hentry"],"blocksy_meta":[],"yoast_head":"<!-- This site is optimized with the Yoast SEO plugin v23.3 - https:\/\/yoast.com\/wordpress\/plugins\/seo\/ -->\n<title>Contact-Fr - Zhili Insurance<\/title>\n<meta name=\"robots\" content=\"index, follow, max-snippet:-1, max-image-preview:large, max-video-preview:-1\" \/>\n<link rel=\"canonical\" href=\"https:\/\/zhili.ca\/index.php\/contact-fr\/\" \/>\n<meta property=\"og:locale\" content=\"en_US\" \/>\n<meta property=\"og:type\" content=\"article\" \/>\n<meta property=\"og:title\" content=\"Contact-Fr - Zhili Insurance\" \/>\n<meta property=\"og:description\" content=\"Nous nous engageons \u00e0 vous proposer les meilleures solutions d\u2019assurance. Si vous avez des questions ou avez besoin d&#8217;en savoir plus sur nos produits, n&#8217;h\u00e9sitez pas \u00e0 nous contacter. Nous sommes impatients de vous aider et de prot\u00e9ger votre avenir. Please enable JavaScript in your browser to complete this form.Please enable JavaScript in your browser [&hellip;]\" \/>\n<meta property=\"og:url\" content=\"https:\/\/zhili.ca\/index.php\/contact-fr\/\" \/>\n<meta property=\"og:site_name\" content=\"Zhili Insurance\" \/>\n<meta property=\"article:modified_time\" content=\"2024-08-04T16:43:14+00:00\" \/>\n<meta property=\"og:image\" content=\"http:\/\/dev.zhili.ca\/wp-content\/uploads\/2024\/06\/3-SQ-1024x1024.jpg\" \/>\n<meta name=\"twitter:card\" content=\"summary_large_image\" \/>\n<script type=\"application\/ld+json\" class=\"yoast-schema-graph\">{\"@context\":\"https:\/\/schema.org\",\"@graph\":[{\"@type\":\"WebPage\",\"@id\":\"https:\/\/zhili.ca\/index.php\/contact-fr\/\",\"url\":\"https:\/\/zhili.ca\/index.php\/contact-fr\/\",\"name\":\"Contact-Fr - Zhili Insurance\",\"isPartOf\":{\"@id\":\"https:\/\/zhili.ca\/#website\"},\"primaryImageOfPage\":{\"@id\":\"https:\/\/zhili.ca\/index.php\/contact-fr\/#primaryimage\"},\"image\":{\"@id\":\"https:\/\/zhili.ca\/index.php\/contact-fr\/#primaryimage\"},\"thumbnailUrl\":\"http:\/\/dev.zhili.ca\/wp-content\/uploads\/2024\/06\/3-SQ-1024x1024.jpg\",\"datePublished\":\"2024-06-08T02:04:09+00:00\",\"dateModified\":\"2024-08-04T16:43:14+00:00\",\"breadcrumb\":{\"@id\":\"https:\/\/zhili.ca\/index.php\/contact-fr\/#breadcrumb\"},\"inLanguage\":\"en-US\",\"potentialAction\":[{\"@type\":\"ReadAction\",\"target\":[\"https:\/\/zhili.ca\/index.php\/contact-fr\/\"]}]},{\"@type\":\"ImageObject\",\"inLanguage\":\"en-US\",\"@id\":\"https:\/\/zhili.ca\/index.php\/contact-fr\/#primaryimage\",\"url\":\"http:\/\/dev.zhili.ca\/wp-content\/uploads\/2024\/06\/3-SQ-1024x1024.jpg\",\"contentUrl\":\"http:\/\/dev.zhili.ca\/wp-content\/uploads\/2024\/06\/3-SQ-1024x1024.jpg\"},{\"@type\":\"BreadcrumbList\",\"@id\":\"https:\/\/zhili.ca\/index.php\/contact-fr\/#breadcrumb\",\"itemListElement\":[{\"@type\":\"ListItem\",\"position\":1,\"name\":\"Home\",\"item\":\"https:\/\/zhili.ca\/\"},{\"@type\":\"ListItem\",\"position\":2,\"name\":\"Contact-Fr\"}]},{\"@type\":\"WebSite\",\"@id\":\"https:\/\/zhili.ca\/#website\",\"url\":\"https:\/\/zhili.ca\/\",\"name\":\"Zhili Insurance\",\"description\":\"\",\"publisher\":{\"@id\":\"https:\/\/zhili.ca\/#organization\"},\"potentialAction\":[{\"@type\":\"SearchAction\",\"target\":{\"@type\":\"EntryPoint\",\"urlTemplate\":\"https:\/\/zhili.ca\/?s={search_term_string}\"},\"query-input\":\"required name=search_term_string\"}],\"inLanguage\":\"en-US\"},{\"@type\":\"Organization\",\"@id\":\"https:\/\/zhili.ca\/#organization\",\"name\":\"Zhili Insurance\",\"url\":\"https:\/\/zhili.ca\/\",\"logo\":{\"@type\":\"ImageObject\",\"inLanguage\":\"en-US\",\"@id\":\"https:\/\/zhili.ca\/#\/schema\/logo\/image\/\",\"url\":\"http:\/\/dev.zhili.ca\/wp-content\/uploads\/2024\/06\/Zhili-Inverted-Color-Transparent-bg.png\",\"contentUrl\":\"http:\/\/dev.zhili.ca\/wp-content\/uploads\/2024\/06\/Zhili-Inverted-Color-Transparent-bg.png\",\"width\":7500,\"height\":2700,\"caption\":\"Zhili Insurance\"},\"image\":{\"@id\":\"https:\/\/zhili.ca\/#\/schema\/logo\/image\/\"},\"sameAs\":[\"https:\/\/www.youtube.com\/channel\/UCpXxLLunyMH4EUT6zbPV4Hw\"]}]}<\/script>\n<!-- \/ Yoast SEO plugin. -->","yoast_head_json":{"title":"Contact-Fr - Zhili Insurance","robots":{"index":"index","follow":"follow","max-snippet":"max-snippet:-1","max-image-preview":"max-image-preview:large","max-video-preview":"max-video-preview:-1"},"canonical":"https:\/\/zhili.ca\/index.php\/contact-fr\/","og_locale":"en_US","og_type":"article","og_title":"Contact-Fr - Zhili Insurance","og_description":"Nous nous engageons \u00e0 vous proposer les meilleures solutions d\u2019assurance. Si vous avez des questions ou avez besoin d&#8217;en savoir plus sur nos produits, n&#8217;h\u00e9sitez pas \u00e0 nous contacter. Nous sommes impatients de vous aider et de prot\u00e9ger votre avenir. Please enable JavaScript in your browser to complete this form.Please enable JavaScript in your browser [&hellip;]","og_url":"https:\/\/zhili.ca\/index.php\/contact-fr\/","og_site_name":"Zhili Insurance","article_modified_time":"2024-08-04T16:43:14+00:00","og_image":[{"url":"http:\/\/dev.zhili.ca\/wp-content\/uploads\/2024\/06\/3-SQ-1024x1024.jpg"}],"twitter_card":"summary_large_image","schema":{"@context":"https:\/\/schema.org","@graph":[{"@type":"WebPage","@id":"https:\/\/zhili.ca\/index.php\/contact-fr\/","url":"https:\/\/zhili.ca\/index.php\/contact-fr\/","name":"Contact-Fr - Zhili Insurance","isPartOf":{"@id":"https:\/\/zhili.ca\/#website"},"primaryImageOfPage":{"@id":"https:\/\/zhili.ca\/index.php\/contact-fr\/#primaryimage"},"image":{"@id":"https:\/\/zhili.ca\/index.php\/contact-fr\/#primaryimage"},"thumbnailUrl":"http:\/\/dev.zhili.ca\/wp-content\/uploads\/2024\/06\/3-SQ-1024x1024.jpg","datePublished":"2024-06-08T02:04:09+00:00","dateModified":"2024-08-04T16:43:14+00:00","breadcrumb":{"@id":"https:\/\/zhili.ca\/index.php\/contact-fr\/#breadcrumb"},"inLanguage":"en-US","potentialAction":[{"@type":"ReadAction","target":["https:\/\/zhili.ca\/index.php\/contact-fr\/"]}]},{"@type":"ImageObject","inLanguage":"en-US","@id":"https:\/\/zhili.ca\/index.php\/contact-fr\/#primaryimage","url":"http:\/\/dev.zhili.ca\/wp-content\/uploads\/2024\/06\/3-SQ-1024x1024.jpg","contentUrl":"http:\/\/dev.zhili.ca\/wp-content\/uploads\/2024\/06\/3-SQ-1024x1024.jpg"},{"@type":"BreadcrumbList","@id":"https:\/\/zhili.ca\/index.php\/contact-fr\/#breadcrumb","itemListElement":[{"@type":"ListItem","position":1,"name":"Home","item":"https:\/\/zhili.ca\/"},{"@type":"ListItem","position":2,"name":"Contact-Fr"}]},{"@type":"WebSite","@id":"https:\/\/zhili.ca\/#website","url":"https:\/\/zhili.ca\/","name":"Zhili Insurance","description":"","publisher":{"@id":"https:\/\/zhili.ca\/#organization"},"potentialAction":[{"@type":"SearchAction","target":{"@type":"EntryPoint","urlTemplate":"https:\/\/zhili.ca\/?s={search_term_string}"},"query-input":"required name=search_term_string"}],"inLanguage":"en-US"},{"@type":"Organization","@id":"https:\/\/zhili.ca\/#organization","name":"Zhili Insurance","url":"https:\/\/zhili.ca\/","logo":{"@type":"ImageObject","inLanguage":"en-US","@id":"https:\/\/zhili.ca\/#\/schema\/logo\/image\/","url":"http:\/\/dev.zhili.ca\/wp-content\/uploads\/2024\/06\/Zhili-Inverted-Color-Transparent-bg.png","contentUrl":"http:\/\/dev.zhili.ca\/wp-content\/uploads\/2024\/06\/Zhili-Inverted-Color-Transparent-bg.png","width":7500,"height":2700,"caption":"Zhili Insurance"},"image":{"@id":"https:\/\/zhili.ca\/#\/schema\/logo\/image\/"},"sameAs":["https:\/\/www.youtube.com\/channel\/UCpXxLLunyMH4EUT6zbPV4Hw"]}]}},"_links":{"self":[{"href":"https:\/\/zhili.ca\/index.php\/wp-json\/wp\/v2\/pages\/188","targetHints":{"allow":["GET"]}}],"collection":[{"href":"https:\/\/zhili.ca\/index.php\/wp-json\/wp\/v2\/pages"}],"about":[{"href":"https:\/\/zhili.ca\/index.php\/wp-json\/wp\/v2\/types\/page"}],"author":[{"embeddable":true,"href":"https:\/\/zhili.ca\/index.php\/wp-json\/wp\/v2\/users\/1"}],"replies":[{"embeddable":true,"href":"https:\/\/zhili.ca\/index.php\/wp-json\/wp\/v2\/comments?post=188"}],"version-history":[{"count":23,"href":"https:\/\/zhili.ca\/index.php\/wp-json\/wp\/v2\/pages\/188\/revisions"}],"predecessor-version":[{"id":1179,"href":"https:\/\/zhili.ca\/index.php\/wp-json\/wp\/v2\/pages\/188\/revisions\/1179"}],"wp:attachment":[{"href":"https:\/\/zhili.ca\/index.php\/wp-json\/wp\/v2\/media?parent=188"}],"curies":[{"name":"wp","href":"https:\/\/api.w.org\/{rel}","templated":true}]}}