{"id":278,"date":"2024-06-08T03:19:22","date_gmt":"2024-06-08T03:19:22","guid":{"rendered":"http:\/\/13.82.168.138\/?page_id=278"},"modified":"2024-07-21T22:50:53","modified_gmt":"2024-07-21T22:50:53","slug":"t-4-s-4-assurance-voyage-canadienne","status":"publish","type":"page","link":"https:\/\/zhili.ca\/index.php\/t-4-assurance-voyage\/t-4-s-4-assurance-voyage-canadienne\/","title":{"rendered":"Assurance voyage pour les Canadiens"},"content":{"rendered":"\n<p>L&#8217;assurance voyage pour les Canadiens est un produit d&#8217;assurance complet destin\u00e9 aux r\u00e9sidents canadiens couverts par les r\u00e9gimes provinciaux d&#8217;assurance maladie, leur offrant une protection lorsqu&#8217;ils voyagent \u00e0 l&#8217;ext\u00e9rieur de leur province ou \u00e0 l&#8217;\u00e9tranger. Cette assurance couvre non seulement les urgences m\u00e9dicales, mais aussi les annulations de voyage, la perte de bagages et divers autres risques li\u00e9s aux voyages, garantissant ainsi aux voyageurs une protection compl\u00e8te lorsqu&#8217;ils sont en d\u00e9placement. Voici une pr\u00e9sentation d\u00e9taill\u00e9e de l&#8217;assurance voyage pour les Canadiens.<\/p>\n\n\n\n<ol class=\"wp-block-list\">\n<li><strong>Couverture des Frais M\u00e9dicaux<\/strong><br>L&#8217;assurance voyage offre une couverture \u00e9tendue des frais m\u00e9dicaux, y compris les services d&#8217;urgence, les hospitalisations, les frais de chirurgie et les m\u00e9dicaments sur ordonnance. Si des r\u00e9sidents canadiens tombent malades ou se blessent accidentellement en voyage \u00e0 l&#8217;\u00e9tranger ou hors de leur province, l&#8217;assurance prendra en charge les frais m\u00e9dicaux n\u00e9cessaires, garantissant qu&#8217;ils re\u00e7oivent les soins m\u00e9dicaux requis sans se soucier des co\u00fbts \u00e9lev\u00e9s.<\/li>\n\n\n\n<li><strong>Transport M\u00e9dical d&#8217;Urgence<\/strong><br>Si les voyageurs n\u00e9cessitent un transport m\u00e9dical d&#8217;urgence pendant leur voyage, l&#8217;assurance couvre g\u00e9n\u00e9ralement les frais connexes, y compris les services d&#8217;ambulance et le transport m\u00e9dical a\u00e9rien si n\u00e9cessaire. Cette couverture garantit que les voyageurs puissent recevoir des soins m\u00e9dicaux appropri\u00e9s en temps opportun, que ce soit dans un h\u00f4pital local ou en retournant au Canada et dans leur province de r\u00e9sidence pour y \u00eatre trait\u00e9s.<\/li>\n\n\n\n<li><strong>Annulation et Interruption de Voyage<\/strong><br>Les plans de voyage peuvent \u00eatre perturb\u00e9s par des circonstances impr\u00e9vues telles que la maladie personnelle, les urgences familiales ou les annulations de vol. L&#8217;assurance voyage offre une couverture pour l&#8217;annulation et l&#8217;interruption de voyage, remboursant les frais de voyage non remboursables tels que les billets d&#8217;avion, les r\u00e9servations d&#8217;h\u00f4tel et les activit\u00e9s touristiques, aidant ainsi les voyageurs \u00e0 minimiser les pertes financi\u00e8res.<\/li>\n\n\n\n<li><strong>Retard et Perte de Bagages<\/strong><br>Le retard ou la perte de bagages est un probl\u00e8me courant lors des voyages. L&#8217;assurance voyage offre une indemnisation pour l&#8217;achat d&#8217;articles essentiels en cas de retard de bagages, ainsi qu&#8217;un remboursement pour les bagages perdus ou vol\u00e9s, garantissant que les voyageurs ne soient pas gravement impact\u00e9s par les probl\u00e8mes de bagages.<\/li>\n\n\n\n<li><strong>Assurance Accident Corporel<\/strong><br>L&#8217;assurance voyage inclut une couverture pour les accidents corporels, offrant une indemnisation pour les blessures ou les d\u00e9c\u00e8s r\u00e9sultant d&#8217;accidents. Cette couverture offre un soutien financier suppl\u00e9mentaire aux voyageurs faisant face \u00e0 des difficult\u00e9s financi\u00e8res impr\u00e9vues en raison d&#8217;accidents.<\/li>\n\n\n\n<li><strong>Assurance Responsabilit\u00e9 Civile<\/strong><br>Pendant le voyage, les voyageurs peuvent accidentellement causer des dommages ou des pertes mat\u00e9rielles \u00e0 autrui. La partie responsabilit\u00e9 civile de l&#8217;assurance voyage couvre les frais juridiques et les indemnisations pour les blessures corporelles ou les dommages mat\u00e9riels caus\u00e9s \u00e0 des tiers par n\u00e9gligence, r\u00e9duisant ainsi le fardeau des litiges juridiques.<\/li>\n\n\n\n<li><strong>Service d&#8217;Assistance d&#8217;Urgence 24\/7<\/strong><br>La plupart des plans d&#8217;assurance voyage offrent des services d&#8217;assistance d&#8217;urgence 24\/7, permettant aux voyageurs de contacter une hotline pour des conseils m\u00e9dicaux, la coordination du transport m\u00e9dical d&#8217;urgence, des services de traduction et d&#8217;autres soutiens d&#8217;urgence. Ce service fournit une s\u00e9curit\u00e9 et un soutien essentiels aux voyageurs \u00e0 l&#8217;\u00e9tranger ou hors de leur province.<\/li>\n<\/ol>\n\n\n\n<h3 class=\"wp-block-heading\">Personnes Concern\u00e9es<\/h3>\n\n\n\n<p>L&#8217;assurance voyage pour les Canadiens convient \u00e0 tous les r\u00e9sidents canadiens couverts par les r\u00e9gimes de soins de sant\u00e9 provinciaux qui pr\u00e9voient de voyager hors de leur province ou \u00e0 l&#8217;\u00e9tranger, que ce soit pour des loisirs, pour rendre visite \u00e0 des amis et \u00e0 la famille ou pour des voyages d&#8217;affaires. L&#8217;achat d&#8217;une assurance voyage permet de s&#8217;assurer que les voyageurs re\u00e7oivent une assistance et une indemnisation appropri\u00e9es et rapides en cas d&#8217;urgence m\u00e9dicale ou d&#8217;autres situations impr\u00e9vues.<\/p>\n\n\n\n<h3 class=\"wp-block-heading\">Conseils pour le Choix<\/h3>\n\n\n\n<p>Lors du choix d&#8217;une assurance voyage, il est conseill\u00e9 de lire attentivement les conditions de la police en fonction des plans de voyage personnels, de l&#8217;\u00e9tat de sant\u00e9 et des besoins sp\u00e9cifiques, et de comprendre l&#8217;\u00e9tendue de la couverture, les conditions d&#8217;indemnisation et les exclusions. Consulter un conseiller en assurance ou un agent de voyage peut aider \u00e0 choisir le produit d&#8217;assurance le plus adapt\u00e9.<\/p>\n\n\n\n<h3 class=\"wp-block-heading\">Conclusion<\/h3>\n\n\n\n<p>L&#8217;assurance voyage pour les Canadiens offre une protection compl\u00e8te aux r\u00e9sidents canadiens voyageant hors de leur province ou \u00e0 l&#8217;\u00e9tranger, assurant leur tranquillit\u00e9 d&#8217;esprit lorsqu&#8217;ils explorent de nouveaux environnements et cultures. Que ce soit pour faire face \u00e0 des maladies soudaines, des blessures accidentelles, des probl\u00e8mes de bagages ou des changements de plans de voyage, l&#8217;assurance voyage offre le soutien n\u00e9cessaire et une indemnisation financi\u00e8re, en faisant une protection indispensable pour chaque voyageur canadien.<\/p>\n","protected":false},"excerpt":{"rendered":"<p>L&#8217;assurance voyage pour les Canadiens est un produit d&#8217;assurance complet destin\u00e9 aux r\u00e9sidents canadiens couverts par les r\u00e9gimes provinciaux d&#8217;assurance maladie, leur offrant une protection lorsqu&#8217;ils voyagent \u00e0 l&#8217;ext\u00e9rieur de leur province ou \u00e0 l&#8217;\u00e9tranger. Cette assurance couvre non seulement les urgences m\u00e9dicales, mais aussi les annulations de voyage, la perte de bagages et divers [&hellip;]<\/p>\n","protected":false},"author":1,"featured_media":0,"parent":164,"menu_order":3,"comment_status":"closed","ping_status":"closed","template":"","meta":{"footnotes":""},"class_list":["post-278","page","type-page","status-publish","hentry"],"blocksy_meta":[],"yoast_head":"<!-- This site is optimized with the Yoast SEO plugin v23.3 - https:\/\/yoast.com\/wordpress\/plugins\/seo\/ -->\n<title>Assurance voyage pour les Canadiens - Zhili Insurance<\/title>\n<meta name=\"robots\" content=\"index, follow, max-snippet:-1, max-image-preview:large, max-video-preview:-1\" \/>\n<link rel=\"canonical\" href=\"https:\/\/zhili.ca\/index.php\/t-4-assurance-voyage\/t-4-s-4-assurance-voyage-canadienne\/\" \/>\n<meta property=\"og:locale\" content=\"en_US\" \/>\n<meta property=\"og:type\" content=\"article\" \/>\n<meta property=\"og:title\" content=\"Assurance voyage pour les Canadiens - Zhili Insurance\" \/>\n<meta property=\"og:description\" content=\"L&#8217;assurance voyage pour les Canadiens est un produit d&#8217;assurance complet destin\u00e9 aux r\u00e9sidents canadiens couverts par les r\u00e9gimes provinciaux d&#8217;assurance maladie, leur offrant une protection lorsqu&#8217;ils voyagent \u00e0 l&#8217;ext\u00e9rieur de leur province ou \u00e0 l&#8217;\u00e9tranger. Cette assurance couvre non seulement les urgences m\u00e9dicales, mais aussi les annulations de voyage, la perte de bagages et divers [&hellip;]\" \/>\n<meta property=\"og:url\" content=\"https:\/\/zhili.ca\/index.php\/t-4-assurance-voyage\/t-4-s-4-assurance-voyage-canadienne\/\" \/>\n<meta property=\"og:site_name\" content=\"Zhili Insurance\" \/>\n<meta property=\"article:modified_time\" content=\"2024-07-21T22:50:53+00:00\" \/>\n<meta name=\"twitter:card\" content=\"summary_large_image\" \/>\n<meta name=\"twitter:label1\" content=\"Est. reading time\" \/>\n\t<meta name=\"twitter:data1\" content=\"4 minutes\" \/>\n<script type=\"application\/ld+json\" class=\"yoast-schema-graph\">{\"@context\":\"https:\/\/schema.org\",\"@graph\":[{\"@type\":\"WebPage\",\"@id\":\"https:\/\/zhili.ca\/index.php\/t-4-assurance-voyage\/t-4-s-4-assurance-voyage-canadienne\/\",\"url\":\"https:\/\/zhili.ca\/index.php\/t-4-assurance-voyage\/t-4-s-4-assurance-voyage-canadienne\/\",\"name\":\"Assurance voyage pour les Canadiens - Zhili Insurance\",\"isPartOf\":{\"@id\":\"https:\/\/zhili.ca\/#website\"},\"datePublished\":\"2024-06-08T03:19:22+00:00\",\"dateModified\":\"2024-07-21T22:50:53+00:00\",\"breadcrumb\":{\"@id\":\"https:\/\/zhili.ca\/index.php\/t-4-assurance-voyage\/t-4-s-4-assurance-voyage-canadienne\/#breadcrumb\"},\"inLanguage\":\"en-US\",\"potentialAction\":[{\"@type\":\"ReadAction\",\"target\":[\"https:\/\/zhili.ca\/index.php\/t-4-assurance-voyage\/t-4-s-4-assurance-voyage-canadienne\/\"]}]},{\"@type\":\"BreadcrumbList\",\"@id\":\"https:\/\/zhili.ca\/index.php\/t-4-assurance-voyage\/t-4-s-4-assurance-voyage-canadienne\/#breadcrumb\",\"itemListElement\":[{\"@type\":\"ListItem\",\"position\":1,\"name\":\"Home\",\"item\":\"https:\/\/zhili.ca\/\"},{\"@type\":\"ListItem\",\"position\":2,\"name\":\"T.4-Assurance voyage\",\"item\":\"https:\/\/zhili.ca\/index.php\/t-4-assurance-voyage\/\"},{\"@type\":\"ListItem\",\"position\":3,\"name\":\"Assurance voyage pour les Canadiens\"}]},{\"@type\":\"WebSite\",\"@id\":\"https:\/\/zhili.ca\/#website\",\"url\":\"https:\/\/zhili.ca\/\",\"name\":\"Zhili Insurance\",\"description\":\"\",\"publisher\":{\"@id\":\"https:\/\/zhili.ca\/#organization\"},\"potentialAction\":[{\"@type\":\"SearchAction\",\"target\":{\"@type\":\"EntryPoint\",\"urlTemplate\":\"https:\/\/zhili.ca\/?s={search_term_string}\"},\"query-input\":\"required name=search_term_string\"}],\"inLanguage\":\"en-US\"},{\"@type\":\"Organization\",\"@id\":\"https:\/\/zhili.ca\/#organization\",\"name\":\"Zhili Insurance\",\"url\":\"https:\/\/zhili.ca\/\",\"logo\":{\"@type\":\"ImageObject\",\"inLanguage\":\"en-US\",\"@id\":\"https:\/\/zhili.ca\/#\/schema\/logo\/image\/\",\"url\":\"http:\/\/dev.zhili.ca\/wp-content\/uploads\/2024\/06\/Zhili-Inverted-Color-Transparent-bg.png\",\"contentUrl\":\"http:\/\/dev.zhili.ca\/wp-content\/uploads\/2024\/06\/Zhili-Inverted-Color-Transparent-bg.png\",\"width\":7500,\"height\":2700,\"caption\":\"Zhili Insurance\"},\"image\":{\"@id\":\"https:\/\/zhili.ca\/#\/schema\/logo\/image\/\"},\"sameAs\":[\"https:\/\/www.youtube.com\/channel\/UCpXxLLunyMH4EUT6zbPV4Hw\"]}]}<\/script>\n<!-- \/ Yoast SEO plugin. -->","yoast_head_json":{"title":"Assurance voyage pour les Canadiens - Zhili Insurance","robots":{"index":"index","follow":"follow","max-snippet":"max-snippet:-1","max-image-preview":"max-image-preview:large","max-video-preview":"max-video-preview:-1"},"canonical":"https:\/\/zhili.ca\/index.php\/t-4-assurance-voyage\/t-4-s-4-assurance-voyage-canadienne\/","og_locale":"en_US","og_type":"article","og_title":"Assurance voyage pour les Canadiens - Zhili Insurance","og_description":"L&#8217;assurance voyage pour les Canadiens est un produit d&#8217;assurance complet destin\u00e9 aux r\u00e9sidents canadiens couverts par les r\u00e9gimes provinciaux d&#8217;assurance maladie, leur offrant une protection lorsqu&#8217;ils voyagent \u00e0 l&#8217;ext\u00e9rieur de leur province ou \u00e0 l&#8217;\u00e9tranger. Cette assurance couvre non seulement les urgences m\u00e9dicales, mais aussi les annulations de voyage, la perte de bagages et divers [&hellip;]","og_url":"https:\/\/zhili.ca\/index.php\/t-4-assurance-voyage\/t-4-s-4-assurance-voyage-canadienne\/","og_site_name":"Zhili Insurance","article_modified_time":"2024-07-21T22:50:53+00:00","twitter_card":"summary_large_image","twitter_misc":{"Est. reading time":"4 minutes"},"schema":{"@context":"https:\/\/schema.org","@graph":[{"@type":"WebPage","@id":"https:\/\/zhili.ca\/index.php\/t-4-assurance-voyage\/t-4-s-4-assurance-voyage-canadienne\/","url":"https:\/\/zhili.ca\/index.php\/t-4-assurance-voyage\/t-4-s-4-assurance-voyage-canadienne\/","name":"Assurance voyage pour les Canadiens - Zhili Insurance","isPartOf":{"@id":"https:\/\/zhili.ca\/#website"},"datePublished":"2024-06-08T03:19:22+00:00","dateModified":"2024-07-21T22:50:53+00:00","breadcrumb":{"@id":"https:\/\/zhili.ca\/index.php\/t-4-assurance-voyage\/t-4-s-4-assurance-voyage-canadienne\/#breadcrumb"},"inLanguage":"en-US","potentialAction":[{"@type":"ReadAction","target":["https:\/\/zhili.ca\/index.php\/t-4-assurance-voyage\/t-4-s-4-assurance-voyage-canadienne\/"]}]},{"@type":"BreadcrumbList","@id":"https:\/\/zhili.ca\/index.php\/t-4-assurance-voyage\/t-4-s-4-assurance-voyage-canadienne\/#breadcrumb","itemListElement":[{"@type":"ListItem","position":1,"name":"Home","item":"https:\/\/zhili.ca\/"},{"@type":"ListItem","position":2,"name":"T.4-Assurance voyage","item":"https:\/\/zhili.ca\/index.php\/t-4-assurance-voyage\/"},{"@type":"ListItem","position":3,"name":"Assurance voyage pour les Canadiens"}]},{"@type":"WebSite","@id":"https:\/\/zhili.ca\/#website","url":"https:\/\/zhili.ca\/","name":"Zhili Insurance","description":"","publisher":{"@id":"https:\/\/zhili.ca\/#organization"},"potentialAction":[{"@type":"SearchAction","target":{"@type":"EntryPoint","urlTemplate":"https:\/\/zhili.ca\/?s={search_term_string}"},"query-input":"required name=search_term_string"}],"inLanguage":"en-US"},{"@type":"Organization","@id":"https:\/\/zhili.ca\/#organization","name":"Zhili Insurance","url":"https:\/\/zhili.ca\/","logo":{"@type":"ImageObject","inLanguage":"en-US","@id":"https:\/\/zhili.ca\/#\/schema\/logo\/image\/","url":"http:\/\/dev.zhili.ca\/wp-content\/uploads\/2024\/06\/Zhili-Inverted-Color-Transparent-bg.png","contentUrl":"http:\/\/dev.zhili.ca\/wp-content\/uploads\/2024\/06\/Zhili-Inverted-Color-Transparent-bg.png","width":7500,"height":2700,"caption":"Zhili Insurance"},"image":{"@id":"https:\/\/zhili.ca\/#\/schema\/logo\/image\/"},"sameAs":["https:\/\/www.youtube.com\/channel\/UCpXxLLunyMH4EUT6zbPV4Hw"]}]}},"_links":{"self":[{"href":"https:\/\/zhili.ca\/index.php\/wp-json\/wp\/v2\/pages\/278","targetHints":{"allow":["GET"]}}],"collection":[{"href":"https:\/\/zhili.ca\/index.php\/wp-json\/wp\/v2\/pages"}],"about":[{"href":"https:\/\/zhili.ca\/index.php\/wp-json\/wp\/v2\/types\/page"}],"author":[{"embeddable":true,"href":"https:\/\/zhili.ca\/index.php\/wp-json\/wp\/v2\/users\/1"}],"replies":[{"embeddable":true,"href":"https:\/\/zhili.ca\/index.php\/wp-json\/wp\/v2\/comments?post=278"}],"version-history":[{"count":2,"href":"https:\/\/zhili.ca\/index.php\/wp-json\/wp\/v2\/pages\/278\/revisions"}],"predecessor-version":[{"id":1111,"href":"https:\/\/zhili.ca\/index.php\/wp-json\/wp\/v2\/pages\/278\/revisions\/1111"}],"up":[{"embeddable":true,"href":"https:\/\/zhili.ca\/index.php\/wp-json\/wp\/v2\/pages\/164"}],"wp:attachment":[{"href":"https:\/\/zhili.ca\/index.php\/wp-json\/wp\/v2\/media?parent=278"}],"curies":[{"name":"wp","href":"https:\/\/api.w.org\/{rel}","templated":true}]}}