{"id":315,"date":"2024-06-08T03:40:36","date_gmt":"2024-06-08T03:40:36","guid":{"rendered":"http:\/\/13.82.168.138\/?page_id=315"},"modified":"2024-07-21T22:15:15","modified_gmt":"2024-07-21T22:15:15","slug":"t-5-s-7-celiapp","status":"publish","type":"page","link":"https:\/\/zhili.ca\/index.php\/t-5-epargne-et-retraite\/t-5-s-7-celiapp\/","title":{"rendered":"Compte d&#8217;\u00c9pargne pour l&#8217;Achat d&#8217;une Premi\u00e8re Maison (FHSA)"},"content":{"rendered":"\n<p>Le Compte d&#8217;\u00c9pargne pour l&#8217;Achat d&#8217;une Premi\u00e8re Maison (FHSA) est un outil d&#8217;\u00e9pargne introduit par le gouvernement canadien, con\u00e7u sp\u00e9cifiquement pour aider les primo-acc\u00e9dants \u00e0 accumuler des fonds pour l&#8217;achat d&#8217;une maison. Le FHSA combine les avantages d&#8217;un Compte d&#8217;\u00c9pargne Libre d&#8217;Imp\u00f4t (CELI) et d&#8217;un R\u00e9gime Enregistr\u00e9 d&#8217;\u00c9pargne-Retraite (REER), offrant des avantages fiscaux importants aux acheteurs de maison.<\/p>\n\n\n\n<h4 class=\"wp-block-heading\">Caract\u00e9ristiques principales :<\/h4>\n\n\n\n<ol class=\"wp-block-list\">\n<li><strong>Avantages fiscaux<\/strong> : Les cotisations \u00e0 un FHSA sont d\u00e9ductibles d&#8217;imp\u00f4t, les revenus de placement dans le compte sont exon\u00e9r\u00e9s d&#8217;imp\u00f4t, et les retraits utilis\u00e9s pour l&#8217;achat d&#8217;une maison sont \u00e9galement exon\u00e9r\u00e9s d&#8217;imp\u00f4t.<\/li>\n\n\n\n<li><strong>Limites de cotisation<\/strong> : La limite de cotisation annuelle est de 8 000 CAD, avec une limite de cotisation \u00e0 vie de 40 000 CAD.<\/li>\n\n\n\n<li><strong>Investissements flexibles<\/strong> : Les comptes FHSA peuvent \u00eatre utilis\u00e9s pour divers v\u00e9hicules de placement tels que les d\u00e9p\u00f4ts d&#8217;\u00e9pargne, les actions, les obligations et les fonds communs de placement, aidant \u00e0 faire cro\u00eetre les fonds.<\/li>\n\n\n\n<li><strong>Utilisation pour l&#8217;achat d&#8217;une maison<\/strong> : Les retraits doivent \u00eatre utilis\u00e9s pour l&#8217;achat d&#8217;une premi\u00e8re maison pour b\u00e9n\u00e9ficier du statut d&#8217;exon\u00e9ration fiscale ; sinon, les retraits seront impos\u00e9s comme des revenus r\u00e9guliers.<\/li>\n<\/ol>\n\n\n\n<h4 class=\"wp-block-heading\">Avantages :<\/h4>\n\n\n\n<ol class=\"wp-block-list\">\n<li><strong>Report d&#8217;imp\u00f4t<\/strong> : Les cotisations sont d\u00e9ductibles d&#8217;imp\u00f4t, et les revenus de placement sont exon\u00e9r\u00e9s d&#8217;imp\u00f4t, maximisant la croissance de la richesse.<\/li>\n\n\n\n<li><strong>Soutien \u00e0 l&#8217;achat de maison<\/strong> : Aide les primo-acc\u00e9dants \u00e0 accumuler des fonds plus rapidement pour atteindre leurs objectifs de propri\u00e9t\u00e9.<\/li>\n\n\n\n<li><strong>Flexibilit\u00e9<\/strong> : Offre diverses options de placement, permettant un ajustement flexible du portefeuille de placements en r\u00e9ponse aux changements du march\u00e9.<\/li>\n<\/ol>\n","protected":false},"excerpt":{"rendered":"<p>Le Compte d&#8217;\u00c9pargne pour l&#8217;Achat d&#8217;une Premi\u00e8re Maison (FHSA) est un outil d&#8217;\u00e9pargne introduit par le gouvernement canadien, con\u00e7u sp\u00e9cifiquement pour aider les primo-acc\u00e9dants \u00e0 accumuler des fonds pour l&#8217;achat d&#8217;une maison. Le FHSA combine les avantages d&#8217;un Compte d&#8217;\u00c9pargne Libre d&#8217;Imp\u00f4t (CELI) et d&#8217;un R\u00e9gime Enregistr\u00e9 d&#8217;\u00c9pargne-Retraite (REER), offrant des avantages fiscaux importants aux [&hellip;]<\/p>\n","protected":false},"author":1,"featured_media":0,"parent":176,"menu_order":6,"comment_status":"closed","ping_status":"closed","template":"","meta":{"footnotes":""},"class_list":["post-315","page","type-page","status-publish","hentry"],"blocksy_meta":[],"yoast_head":"<!-- This site is optimized with the Yoast SEO plugin v23.3 - https:\/\/yoast.com\/wordpress\/plugins\/seo\/ -->\n<title>Compte d&#039;\u00c9pargne pour l&#039;Achat d&#039;une Premi\u00e8re Maison (FHSA) - Zhili Insurance<\/title>\n<meta name=\"robots\" content=\"index, follow, max-snippet:-1, max-image-preview:large, max-video-preview:-1\" \/>\n<link rel=\"canonical\" href=\"https:\/\/zhili.ca\/index.php\/t-5-epargne-et-retraite\/t-5-s-7-celiapp\/\" \/>\n<meta property=\"og:locale\" content=\"en_US\" \/>\n<meta property=\"og:type\" content=\"article\" \/>\n<meta property=\"og:title\" content=\"Compte d&#039;\u00c9pargne pour l&#039;Achat d&#039;une Premi\u00e8re Maison (FHSA) - Zhili Insurance\" \/>\n<meta property=\"og:description\" content=\"Le Compte d&#8217;\u00c9pargne pour l&#8217;Achat d&#8217;une Premi\u00e8re Maison (FHSA) est un outil d&#8217;\u00e9pargne introduit par le gouvernement canadien, con\u00e7u sp\u00e9cifiquement pour aider les primo-acc\u00e9dants \u00e0 accumuler des fonds pour l&#8217;achat d&#8217;une maison. Le FHSA combine les avantages d&#8217;un Compte d&#8217;\u00c9pargne Libre d&#8217;Imp\u00f4t (CELI) et d&#8217;un R\u00e9gime Enregistr\u00e9 d&#8217;\u00c9pargne-Retraite (REER), offrant des avantages fiscaux importants aux [&hellip;]\" \/>\n<meta property=\"og:url\" content=\"https:\/\/zhili.ca\/index.php\/t-5-epargne-et-retraite\/t-5-s-7-celiapp\/\" \/>\n<meta property=\"og:site_name\" content=\"Zhili Insurance\" \/>\n<meta property=\"article:modified_time\" content=\"2024-07-21T22:15:15+00:00\" \/>\n<meta name=\"twitter:card\" content=\"summary_large_image\" \/>\n<meta name=\"twitter:label1\" content=\"Est. reading time\" \/>\n\t<meta name=\"twitter:data1\" content=\"1 minute\" \/>\n<script type=\"application\/ld+json\" class=\"yoast-schema-graph\">{\"@context\":\"https:\/\/schema.org\",\"@graph\":[{\"@type\":\"WebPage\",\"@id\":\"https:\/\/zhili.ca\/index.php\/t-5-epargne-et-retraite\/t-5-s-7-celiapp\/\",\"url\":\"https:\/\/zhili.ca\/index.php\/t-5-epargne-et-retraite\/t-5-s-7-celiapp\/\",\"name\":\"Compte d'\u00c9pargne pour l'Achat d'une Premi\u00e8re Maison (FHSA) - Zhili Insurance\",\"isPartOf\":{\"@id\":\"https:\/\/zhili.ca\/#website\"},\"datePublished\":\"2024-06-08T03:40:36+00:00\",\"dateModified\":\"2024-07-21T22:15:15+00:00\",\"breadcrumb\":{\"@id\":\"https:\/\/zhili.ca\/index.php\/t-5-epargne-et-retraite\/t-5-s-7-celiapp\/#breadcrumb\"},\"inLanguage\":\"en-US\",\"potentialAction\":[{\"@type\":\"ReadAction\",\"target\":[\"https:\/\/zhili.ca\/index.php\/t-5-epargne-et-retraite\/t-5-s-7-celiapp\/\"]}]},{\"@type\":\"BreadcrumbList\",\"@id\":\"https:\/\/zhili.ca\/index.php\/t-5-epargne-et-retraite\/t-5-s-7-celiapp\/#breadcrumb\",\"itemListElement\":[{\"@type\":\"ListItem\",\"position\":1,\"name\":\"Home\",\"item\":\"https:\/\/zhili.ca\/\"},{\"@type\":\"ListItem\",\"position\":2,\"name\":\"T.5-\u00c9pargne et retraite\",\"item\":\"https:\/\/zhili.ca\/index.php\/t-5-epargne-et-retraite\/\"},{\"@type\":\"ListItem\",\"position\":3,\"name\":\"Compte d&#8217;\u00c9pargne pour l&#8217;Achat d&#8217;une Premi\u00e8re Maison (FHSA)\"}]},{\"@type\":\"WebSite\",\"@id\":\"https:\/\/zhili.ca\/#website\",\"url\":\"https:\/\/zhili.ca\/\",\"name\":\"Zhili Insurance\",\"description\":\"\",\"publisher\":{\"@id\":\"https:\/\/zhili.ca\/#organization\"},\"potentialAction\":[{\"@type\":\"SearchAction\",\"target\":{\"@type\":\"EntryPoint\",\"urlTemplate\":\"https:\/\/zhili.ca\/?s={search_term_string}\"},\"query-input\":\"required name=search_term_string\"}],\"inLanguage\":\"en-US\"},{\"@type\":\"Organization\",\"@id\":\"https:\/\/zhili.ca\/#organization\",\"name\":\"Zhili Insurance\",\"url\":\"https:\/\/zhili.ca\/\",\"logo\":{\"@type\":\"ImageObject\",\"inLanguage\":\"en-US\",\"@id\":\"https:\/\/zhili.ca\/#\/schema\/logo\/image\/\",\"url\":\"http:\/\/dev.zhili.ca\/wp-content\/uploads\/2024\/06\/Zhili-Inverted-Color-Transparent-bg.png\",\"contentUrl\":\"http:\/\/dev.zhili.ca\/wp-content\/uploads\/2024\/06\/Zhili-Inverted-Color-Transparent-bg.png\",\"width\":7500,\"height\":2700,\"caption\":\"Zhili Insurance\"},\"image\":{\"@id\":\"https:\/\/zhili.ca\/#\/schema\/logo\/image\/\"},\"sameAs\":[\"https:\/\/www.youtube.com\/channel\/UCpXxLLunyMH4EUT6zbPV4Hw\"]}]}<\/script>\n<!-- \/ Yoast SEO plugin. -->","yoast_head_json":{"title":"Compte d'\u00c9pargne pour l'Achat d'une Premi\u00e8re Maison (FHSA) - Zhili Insurance","robots":{"index":"index","follow":"follow","max-snippet":"max-snippet:-1","max-image-preview":"max-image-preview:large","max-video-preview":"max-video-preview:-1"},"canonical":"https:\/\/zhili.ca\/index.php\/t-5-epargne-et-retraite\/t-5-s-7-celiapp\/","og_locale":"en_US","og_type":"article","og_title":"Compte d'\u00c9pargne pour l'Achat d'une Premi\u00e8re Maison (FHSA) - Zhili Insurance","og_description":"Le Compte d&#8217;\u00c9pargne pour l&#8217;Achat d&#8217;une Premi\u00e8re Maison (FHSA) est un outil d&#8217;\u00e9pargne introduit par le gouvernement canadien, con\u00e7u sp\u00e9cifiquement pour aider les primo-acc\u00e9dants \u00e0 accumuler des fonds pour l&#8217;achat d&#8217;une maison. Le FHSA combine les avantages d&#8217;un Compte d&#8217;\u00c9pargne Libre d&#8217;Imp\u00f4t (CELI) et d&#8217;un R\u00e9gime Enregistr\u00e9 d&#8217;\u00c9pargne-Retraite (REER), offrant des avantages fiscaux importants aux [&hellip;]","og_url":"https:\/\/zhili.ca\/index.php\/t-5-epargne-et-retraite\/t-5-s-7-celiapp\/","og_site_name":"Zhili Insurance","article_modified_time":"2024-07-21T22:15:15+00:00","twitter_card":"summary_large_image","twitter_misc":{"Est. reading time":"1 minute"},"schema":{"@context":"https:\/\/schema.org","@graph":[{"@type":"WebPage","@id":"https:\/\/zhili.ca\/index.php\/t-5-epargne-et-retraite\/t-5-s-7-celiapp\/","url":"https:\/\/zhili.ca\/index.php\/t-5-epargne-et-retraite\/t-5-s-7-celiapp\/","name":"Compte d'\u00c9pargne pour l'Achat d'une Premi\u00e8re Maison (FHSA) - Zhili Insurance","isPartOf":{"@id":"https:\/\/zhili.ca\/#website"},"datePublished":"2024-06-08T03:40:36+00:00","dateModified":"2024-07-21T22:15:15+00:00","breadcrumb":{"@id":"https:\/\/zhili.ca\/index.php\/t-5-epargne-et-retraite\/t-5-s-7-celiapp\/#breadcrumb"},"inLanguage":"en-US","potentialAction":[{"@type":"ReadAction","target":["https:\/\/zhili.ca\/index.php\/t-5-epargne-et-retraite\/t-5-s-7-celiapp\/"]}]},{"@type":"BreadcrumbList","@id":"https:\/\/zhili.ca\/index.php\/t-5-epargne-et-retraite\/t-5-s-7-celiapp\/#breadcrumb","itemListElement":[{"@type":"ListItem","position":1,"name":"Home","item":"https:\/\/zhili.ca\/"},{"@type":"ListItem","position":2,"name":"T.5-\u00c9pargne et retraite","item":"https:\/\/zhili.ca\/index.php\/t-5-epargne-et-retraite\/"},{"@type":"ListItem","position":3,"name":"Compte d&#8217;\u00c9pargne pour l&#8217;Achat d&#8217;une Premi\u00e8re Maison (FHSA)"}]},{"@type":"WebSite","@id":"https:\/\/zhili.ca\/#website","url":"https:\/\/zhili.ca\/","name":"Zhili Insurance","description":"","publisher":{"@id":"https:\/\/zhili.ca\/#organization"},"potentialAction":[{"@type":"SearchAction","target":{"@type":"EntryPoint","urlTemplate":"https:\/\/zhili.ca\/?s={search_term_string}"},"query-input":"required name=search_term_string"}],"inLanguage":"en-US"},{"@type":"Organization","@id":"https:\/\/zhili.ca\/#organization","name":"Zhili Insurance","url":"https:\/\/zhili.ca\/","logo":{"@type":"ImageObject","inLanguage":"en-US","@id":"https:\/\/zhili.ca\/#\/schema\/logo\/image\/","url":"http:\/\/dev.zhili.ca\/wp-content\/uploads\/2024\/06\/Zhili-Inverted-Color-Transparent-bg.png","contentUrl":"http:\/\/dev.zhili.ca\/wp-content\/uploads\/2024\/06\/Zhili-Inverted-Color-Transparent-bg.png","width":7500,"height":2700,"caption":"Zhili Insurance"},"image":{"@id":"https:\/\/zhili.ca\/#\/schema\/logo\/image\/"},"sameAs":["https:\/\/www.youtube.com\/channel\/UCpXxLLunyMH4EUT6zbPV4Hw"]}]}},"_links":{"self":[{"href":"https:\/\/zhili.ca\/index.php\/wp-json\/wp\/v2\/pages\/315","targetHints":{"allow":["GET"]}}],"collection":[{"href":"https:\/\/zhili.ca\/index.php\/wp-json\/wp\/v2\/pages"}],"about":[{"href":"https:\/\/zhili.ca\/index.php\/wp-json\/wp\/v2\/types\/page"}],"author":[{"embeddable":true,"href":"https:\/\/zhili.ca\/index.php\/wp-json\/wp\/v2\/users\/1"}],"replies":[{"embeddable":true,"href":"https:\/\/zhili.ca\/index.php\/wp-json\/wp\/v2\/comments?post=315"}],"version-history":[{"count":3,"href":"https:\/\/zhili.ca\/index.php\/wp-json\/wp\/v2\/pages\/315\/revisions"}],"predecessor-version":[{"id":1096,"href":"https:\/\/zhili.ca\/index.php\/wp-json\/wp\/v2\/pages\/315\/revisions\/1096"}],"up":[{"embeddable":true,"href":"https:\/\/zhili.ca\/index.php\/wp-json\/wp\/v2\/pages\/176"}],"wp:attachment":[{"href":"https:\/\/zhili.ca\/index.php\/wp-json\/wp\/v2\/media?parent=315"}],"curies":[{"name":"wp","href":"https:\/\/api.w.org\/{rel}","templated":true}]}}